{"id":12389,"date":"2022-05-04T17:14:05","date_gmt":"2022-05-04T17:14:05","guid":{"rendered":"https:\/\/mueblesypublicidad.ar\/shop\/?post_type=product&#038;p=12389"},"modified":"2024-02-19T18:43:14","modified_gmt":"2024-02-19T18:43:14","slug":"sillon-director-de-madera-mate-roble-oscuro","status":"publish","type":"product","link":"https:\/\/mueblesypublicidad.ar\/shop\/product\/sillon-director-de-madera-mate-roble-oscuro\/","title":{"rendered":"Sill\u00f3n Director de Madera Mate Roble Oscuro"},"content":{"rendered":"<p>Los sillones son fabricados en madera dura sin nudos, lo que lo vuelven resistentes a quebraduras. No se arquea o hinchan con la humedad y poseen mayor resistencia al sol.<\/p>\n<p>ESTRUCTURA<br \/>\nMaterial: Madera.<br \/>\nTonalidades: Roble Claro y Roble Oscuro.<br \/>\nTipo: Madera Maciza \u2013 Apto para exterior y uso continuo.<br \/>\nTerminaci\u00f3n: 3 capas de cetol.<br \/>\nHerrajes: de acero zincados muy resistentes con uniones encoladas.<br \/>\nRemaches: Doble grosor y acero elaborado con antioxidante que brindan mayor resistencia a exteriores.<\/p>\n<p>LONA<br \/>\nTipo: Impermeable lavable doble tramado anti desgarro.<\/p>\n<p>*****NO INCLUYE ESTAMPADO DE LOGOTIPO*****<\/p>\n<p>Garant\u00eda: 6 meses (cubre defectos de fabricaci\u00f3n)<br \/>\nNO cubre el traslado de la mercader\u00eda as\u00ed como tampoco el mal uso o el desgaste l\u00f3gico.<br \/>\nLa reposici\u00f3n o reparaci\u00f3n se realiza en el local.<\/p>\n","protected":false},"excerpt":{"rendered":"<p>Los sillones son fabricados en madera dura sin nudos, lo que lo vuelven resistentes a quebraduras. No se arquea o hinchan con la humedad y poseen mayor resistencia al sol.<\/p>\n","protected":false},"featured_media":13041,"comment_status":"open","ping_status":"closed","template":"redux-templates_full_width","meta":{"_seopress_robots_primary_cat":"","_seopress_titles_title":"","_seopress_titles_desc":"","_seopress_robots_index":""},"product_cat":[89,152,203,159],"product_tag":[205,206,207,204,140,208],"class_list":{"0":"post-12389","1":"product","2":"type-product","3":"status-publish","4":"has-post-thumbnail","6":"product_cat-linea_madera","7":"product_cat-muebles-de-exterior","8":"product_cat-sillon-director","9":"product_cat-sillon-director-madera","10":"product_tag-abaco","11":"product_tag-mobiliario-publicidad","12":"product_tag-muebles-bar","13":"product_tag-muebles-madera","14":"product_tag-sillon-director","15":"product_tag-sillon-estampado","17":"first","18":"instock","19":"shipping-taxable","20":"purchasable","21":"product-type-variable"},"jetpack_sharing_enabled":true,"_links":{"self":[{"href":"https:\/\/mueblesypublicidad.ar\/shop\/wp-json\/wp\/v2\/product\/12389","targetHints":{"allow":["GET"]}}],"collection":[{"href":"https:\/\/mueblesypublicidad.ar\/shop\/wp-json\/wp\/v2\/product"}],"about":[{"href":"https:\/\/mueblesypublicidad.ar\/shop\/wp-json\/wp\/v2\/types\/product"}],"replies":[{"embeddable":true,"href":"https:\/\/mueblesypublicidad.ar\/shop\/wp-json\/wp\/v2\/comments?post=12389"}],"wp:featuredmedia":[{"embeddable":true,"href":"https:\/\/mueblesypublicidad.ar\/shop\/wp-json\/wp\/v2\/media\/13041"}],"wp:attachment":[{"href":"https:\/\/mueblesypublicidad.ar\/shop\/wp-json\/wp\/v2\/media?parent=12389"}],"wp:term":[{"taxonomy":"product_cat","embeddable":true,"href":"https:\/\/mueblesypublicidad.ar\/shop\/wp-json\/wp\/v2\/product_cat?post=12389"},{"taxonomy":"product_tag","embeddable":true,"href":"https:\/\/mueblesypublicidad.ar\/shop\/wp-json\/wp\/v2\/product_tag?post=12389"}],"curies":[{"name":"wp","href":"https:\/\/api.w.org\/{rel}","templated":true}]}}