{"id":12419,"date":"2022-05-05T14:47:51","date_gmt":"2022-05-05T14:47:51","guid":{"rendered":"https:\/\/mueblesypublicidad.ar\/shop\/?post_type=product&#038;p=12419"},"modified":"2024-03-06T14:13:20","modified_gmt":"2024-03-06T14:13:20","slug":"sillon-director-cano-oval-negro","status":"publish","type":"product","link":"https:\/\/mueblesypublicidad.ar\/shop\/product\/sillon-director-cano-oval-negro\/","title":{"rendered":"Sill\u00f3n Plegable De Ca\u00f1o Oval Negro"},"content":{"rendered":"<p>Sill\u00f3n Director de Ca\u00f1o Reforzado Ovalado en color negro.<\/p>\n<p>LONA<br \/>\nMaterial: Vin\u00edlica impermeable doble tramado anti desgarro.<br \/>\nColores: Blanco, negro, rojo, verde, amarillo, naranja, azul Francia, azul marino, entre otros (consultar disponibilidad).<\/p>\n<p>ESTRUCTIRA<br \/>\nMaterial: Ca\u00f1o reforzado.<br \/>\nTipo: Oval.<br \/>\nColores: Blanco, negro o gris metalizado.<br \/>\nPintura: Epoxi de alta resistencia para exterior y uso continuo.<br \/>\nHerrajes: elaborado con antioxidante.<br \/>\nRemaches: Doble grosor y acero elaborado con antioxidante que brindan mayor resistencia a exteriores.<\/p>\n<p>DIMENSIONES APROXIMADAS<br \/>\nAncho: 53 cm. \/ Alto: 85 cm. \/ Profundidad: 52 cm. \/ Alto Asiento: 48 cm. \/ Altura apoyabrazos: 62 cm.<\/p>\n<p>NO INCLUYE ESTAMPADO DE LOGOTIPO<br \/>\nConsultar por impresi\u00f3n de su logo en sillones.<\/p>\n<p>Garant\u00eda: 6 meses (cubre defectos de fabricaci\u00f3n).<br \/>\nNO cubre el traslado de la mercader\u00eda as\u00ed como tampoco el mal uso o el desgaste l\u00f3gico.<br \/>\nLa reposici\u00f3n o reparaci\u00f3n se realiza en el local.<\/p>\n","protected":false},"excerpt":{"rendered":"<p>Sill\u00f3n Director de Ca\u00f1o Reforzado Ovalado en color negro.<\/p>\n","protected":false},"featured_media":13252,"comment_status":"open","ping_status":"closed","template":"","meta":{"_seopress_robots_primary_cat":"","_seopress_titles_title":"","_seopress_titles_desc":"","_seopress_robots_index":""},"product_cat":[154,152,203,165],"product_tag":[205,245,246,247,239,236,140,238,224,244,240,241,237,225,243,242,215],"class_list":{"0":"post-12419","1":"product","2":"type-product","3":"status-publish","4":"has-post-thumbnail","6":"product_cat-linea-cano","7":"product_cat-muebles-de-exterior","8":"product_cat-sillon-director","9":"product_cat-sillon-director-de-cano","10":"product_tag-abaco","11":"product_tag-cano-redondo","12":"product_tag-juegos","13":"product_tag-juegos-de-exterior","14":"product_tag-silla-de-bar","15":"product_tag-sillon-de-cano","16":"product_tag-sillon-director","17":"product_tag-sillon-director-con-estamapdo","18":"product_tag-sillon-directorio","19":"product_tag-sillon-exterior","20":"product_tag-sillon-para-bar","21":"product_tag-sillon-para-eventos","22":"product_tag-sillon-publicitario","23":"product_tag-sillon-reforzado","24":"product_tag-sillon-restaurantes","25":"product_tag-sillon-y-sillas-heladerias","26":"product_tag-sombrillas","28":"first","29":"instock","30":"shipping-taxable","31":"purchasable","32":"product-type-variable"},"jetpack_sharing_enabled":true,"_links":{"self":[{"href":"https:\/\/mueblesypublicidad.ar\/shop\/wp-json\/wp\/v2\/product\/12419","targetHints":{"allow":["GET"]}}],"collection":[{"href":"https:\/\/mueblesypublicidad.ar\/shop\/wp-json\/wp\/v2\/product"}],"about":[{"href":"https:\/\/mueblesypublicidad.ar\/shop\/wp-json\/wp\/v2\/types\/product"}],"replies":[{"embeddable":true,"href":"https:\/\/mueblesypublicidad.ar\/shop\/wp-json\/wp\/v2\/comments?post=12419"}],"wp:featuredmedia":[{"embeddable":true,"href":"https:\/\/mueblesypublicidad.ar\/shop\/wp-json\/wp\/v2\/media\/13252"}],"wp:attachment":[{"href":"https:\/\/mueblesypublicidad.ar\/shop\/wp-json\/wp\/v2\/media?parent=12419"}],"wp:term":[{"taxonomy":"product_cat","embeddable":true,"href":"https:\/\/mueblesypublicidad.ar\/shop\/wp-json\/wp\/v2\/product_cat?post=12419"},{"taxonomy":"product_tag","embeddable":true,"href":"https:\/\/mueblesypublicidad.ar\/shop\/wp-json\/wp\/v2\/product_tag?post=12419"}],"curies":[{"name":"wp","href":"https:\/\/api.w.org\/{rel}","templated":true}]}}