{"id":12457,"date":"2022-05-06T17:38:06","date_gmt":"2022-05-06T17:38:06","guid":{"rendered":"https:\/\/mueblesypublicidad.ar\/shop\/?post_type=product&#038;p=12457"},"modified":"2024-02-15T15:33:37","modified_gmt":"2024-02-15T15:33:37","slug":"sombrilla-de-madera-cuadrada-de-1-8-cm-x-1-8-cm","status":"publish","type":"product","link":"https:\/\/mueblesypublicidad.ar\/shop\/product\/sombrilla-de-madera-cuadrada-de-1-8-cm-x-1-8-cm\/","title":{"rendered":"Sombrilla de Madera Cuadrada de 1.8 cm x 1.8 cm"},"content":{"rendered":"<p>SOMBRILLA CUADRADA 1,80 DE MADERA<\/p>\n<p>Especificaciones:<\/p>\n<p>&#8212;-Sombrilla&#8212;-<br \/>\nTipo: cuadrada<br \/>\nDimensiones: 1,80 x 1,80<\/p>\n<p>&#8212;- M\u00e1stil&#8212;-<br \/>\nMaterial: Madera dura Guatambu<br \/>\nTipo: enterizo<br \/>\nTonalidad: Roble Oscuro<br \/>\nProtecci\u00f3n: Cetol + 2 capas de barniz marino<br \/>\nDi\u00e1metro: 4.3cm<\/p>\n<p>&#8212;-Varillas&#8212;-<br \/>\nMaterial: Ca\u00f1o reforzado, cubiertas con pintura epoxi<\/p>\n<p>&#8212;-Roseta&#8212;-<br \/>\nMaterial: Roseta elaborada en pl\u00e1stico inyectado color roble oscuro para simular la madera<\/p>\n<p>&#8212;-Lona&#8212;-<br \/>\nCostura: Los puntos de las lonas son reforzados y cocidos con hilo acr\u00edlico, resistente a los elementos de la naturaleza<br \/>\nMaterial: No desmanchan ni pierden color con el uso continuo y prolongado<br \/>\nColores: Blanco, Negro, Azul Marino, Azul Francia, Rojo, entre otros.<\/p>\n<p>&#8212;-Base&#8212;-<br \/>\nIncluida: NO.<br \/>\nDisponemos de bases de PVC o chapa rellenas de hormig\u00f3n, con posa m\u00e1stil de metal y mariposa ajustable. *Consultar costos*<\/p>\n<p>NO INCLUYE ESTAMPADO DE LOGOTIPO<br \/>\nConsultar por impresi\u00f3n de su logo en sombrillas<\/p>\n<p>Garant\u00eda: 6 meses (cubre defectos de fabricaci\u00f3n).<br \/>\nNO cubre el traslado de la mercader\u00eda as\u00ed como tampoco el mal uso o el desgaste l\u00f3gico.<br \/>\nLa reposici\u00f3n o reparaci\u00f3n se realiza en el local.<\/p>\n","protected":false},"excerpt":{"rendered":"<p>Sombrilla Cuadrada de Madera de 1.8 x 1.8 cm con varillas de ca\u00f1o reforzado.<\/p>\n","protected":false},"featured_media":12459,"comment_status":"open","ping_status":"closed","template":"","meta":{"_seopress_robots_primary_cat":"","_seopress_titles_title":"","_seopress_titles_desc":"","_seopress_robots_index":""},"product_cat":[89,152,250,156],"product_tag":[205,247,264,266,232,216,267,233,265,268,254],"class_list":{"0":"post-12457","1":"product","2":"type-product","3":"status-publish","4":"has-post-thumbnail","6":"product_cat-linea_madera","7":"product_cat-muebles-de-exterior","8":"product_cat-sombrillas","9":"product_cat-sombrillas-de-madera","10":"product_tag-abaco","11":"product_tag-juegos-de-exterior","12":"product_tag-juegos-de-jardin","13":"product_tag-mobiliario-estampado","14":"product_tag-muebles-con-estampado","15":"product_tag-muebles-de-exterior","16":"product_tag-muebles-para-confiterias","17":"product_tag-muebles-para-heladerias","18":"product_tag-sombrilla-cuadrada","19":"product_tag-sombrillas-estampadas","20":"product_tag-sombrillas-publicitarias","22":"first","23":"instock","24":"shipping-taxable","25":"purchasable","26":"product-type-variable"},"jetpack_sharing_enabled":true,"_links":{"self":[{"href":"https:\/\/mueblesypublicidad.ar\/shop\/wp-json\/wp\/v2\/product\/12457","targetHints":{"allow":["GET"]}}],"collection":[{"href":"https:\/\/mueblesypublicidad.ar\/shop\/wp-json\/wp\/v2\/product"}],"about":[{"href":"https:\/\/mueblesypublicidad.ar\/shop\/wp-json\/wp\/v2\/types\/product"}],"replies":[{"embeddable":true,"href":"https:\/\/mueblesypublicidad.ar\/shop\/wp-json\/wp\/v2\/comments?post=12457"}],"wp:featuredmedia":[{"embeddable":true,"href":"https:\/\/mueblesypublicidad.ar\/shop\/wp-json\/wp\/v2\/media\/12459"}],"wp:attachment":[{"href":"https:\/\/mueblesypublicidad.ar\/shop\/wp-json\/wp\/v2\/media?parent=12457"}],"wp:term":[{"taxonomy":"product_cat","embeddable":true,"href":"https:\/\/mueblesypublicidad.ar\/shop\/wp-json\/wp\/v2\/product_cat?post=12457"},{"taxonomy":"product_tag","embeddable":true,"href":"https:\/\/mueblesypublicidad.ar\/shop\/wp-json\/wp\/v2\/product_tag?post=12457"}],"curies":[{"name":"wp","href":"https:\/\/api.w.org\/{rel}","templated":true}]}}