{"id":12498,"date":"2022-05-06T20:15:10","date_gmt":"2022-05-06T20:15:10","guid":{"rendered":"https:\/\/mueblesypublicidad.ar\/shop\/?post_type=product&#038;p=12498"},"modified":"2024-02-15T15:33:09","modified_gmt":"2024-02-15T15:33:09","slug":"sombrilla-redonda-de-cano-blanco-reforzado-de-1-8-de-diametro","status":"publish","type":"product","link":"https:\/\/mueblesypublicidad.ar\/shop\/product\/sombrilla-redonda-de-cano-blanco-reforzado-de-1-8-de-diametro\/","title":{"rendered":"Sombrilla Redonda de Ca\u00f1o Blanco Reforzado de 1.8 de Di\u00e1metro"},"content":{"rendered":"<p>Sombrilla redonda de 8 gajos, elaborada totalmente en Ca\u00f1o Reforzado, cubierto con pintura epoxi, la roseta es de pl\u00e1stico inyectado, el m\u00e1stil es a dos tramos separables y de altura ajustable, muy c\u00f3moda para trasladar. Ideal para la playa o el r\u00edo. Bares, restos y jardines.<\/p>\n<p>Especificaciones:<\/p>\n<p>SOMBRILLA<br \/>\nTipo: Redonda.<br \/>\nDi\u00e1metro: 1,80.<\/p>\n<p>MASTIL<br \/>\nMaterial: Ca\u00f1o reforzado cubierto con pintura epoxi.<br \/>\nTipo: De 2 tramos, separables.<\/p>\n<p>VARILLAS<br \/>\nMaterial: Ca\u00f1o reforzado cubierto con pintura epoxi.<\/p>\n<p>ROSETA<br \/>\nMaterial: Pl\u00e1stico inyectado, reforzado y resistente al uso continuo y prolongado.<br \/>\n&#8211; M\u00e1stil de dos tramos, separables.<\/p>\n<p>LONA<br \/>\n&#8211; Colores: Blanco, Negro, Azul Marino, Azul Francia, Rojo, entre otros.<\/p>\n<p>BASE<br \/>\nIncluida: NO.<\/p>\n<p>Disponemos de bases de PVC rellenas de hormig\u00f3n, con posa m\u00e1stil de metal y mariposa ajustable. &#8220;Consultar costo&#8221;.<\/p>\n<p>NO INCLUYE ESTAMPADO DE LOGOTIPO<br \/>\nConsultar por impresi\u00f3n de su logo.<\/p>\n<p>Garant\u00eda: 6 meses (cubre defectos de fabricaci\u00f3n)<br \/>\nNO cubre el traslado de la mercader\u00eda as\u00ed como tampoco el mal uso o el desgaste l\u00f3gico.<br \/>\nLa reposici\u00f3n o reparaci\u00f3n se realiza en el local.<\/p>\n","protected":false},"excerpt":{"rendered":"<p>Sombrilla redonda de ca\u00f1o reforzado en color Negro (opcional en blanco o gris), divisible, regulable en altura.<\/p>\n","protected":false},"featured_media":12499,"comment_status":"open","ping_status":"closed","template":"","meta":{"_seopress_robots_primary_cat":"","_seopress_titles_title":"","_seopress_titles_desc":"","_seopress_robots_index":""},"product_cat":[154,152,250,163],"product_tag":[205,247,264,280,256,279,261,281,270,258,278],"class_list":{"0":"post-12498","1":"product","2":"type-product","3":"status-publish","4":"has-post-thumbnail","6":"product_cat-linea-cano","7":"product_cat-muebles-de-exterior","8":"product_cat-sombrillas","9":"product_cat-sombrillas-de-cano","10":"product_tag-abaco","11":"product_tag-juegos-de-exterior","12":"product_tag-juegos-de-jardin","13":"product_tag-sombrilla-con-estampado","14":"product_tag-sombrilla-de-cano","15":"product_tag-sombrilla-estampada","16":"product_tag-sombrilla-para-bares","17":"product_tag-sombrilla-para-heladerias","18":"product_tag-sombrilla-publicidad","19":"product_tag-sombrilla-publicitaria","20":"product_tag-sombrilla-redonda","22":"first","23":"instock","24":"shipping-taxable","25":"purchasable","26":"product-type-variable","27":"has-default-attributes"},"jetpack_sharing_enabled":true,"_links":{"self":[{"href":"https:\/\/mueblesypublicidad.ar\/shop\/wp-json\/wp\/v2\/product\/12498","targetHints":{"allow":["GET"]}}],"collection":[{"href":"https:\/\/mueblesypublicidad.ar\/shop\/wp-json\/wp\/v2\/product"}],"about":[{"href":"https:\/\/mueblesypublicidad.ar\/shop\/wp-json\/wp\/v2\/types\/product"}],"replies":[{"embeddable":true,"href":"https:\/\/mueblesypublicidad.ar\/shop\/wp-json\/wp\/v2\/comments?post=12498"}],"wp:featuredmedia":[{"embeddable":true,"href":"https:\/\/mueblesypublicidad.ar\/shop\/wp-json\/wp\/v2\/media\/12499"}],"wp:attachment":[{"href":"https:\/\/mueblesypublicidad.ar\/shop\/wp-json\/wp\/v2\/media?parent=12498"}],"wp:term":[{"taxonomy":"product_cat","embeddable":true,"href":"https:\/\/mueblesypublicidad.ar\/shop\/wp-json\/wp\/v2\/product_cat?post=12498"},{"taxonomy":"product_tag","embeddable":true,"href":"https:\/\/mueblesypublicidad.ar\/shop\/wp-json\/wp\/v2\/product_tag?post=12498"}],"curies":[{"name":"wp","href":"https:\/\/api.w.org\/{rel}","templated":true}]}}