{"id":12559,"date":"2022-05-07T15:21:06","date_gmt":"2022-05-07T15:21:06","guid":{"rendered":"https:\/\/mueblesypublicidad.ar\/shop\/?post_type=product&#038;p=12559"},"modified":"2024-02-19T18:42:26","modified_gmt":"2024-02-19T18:42:26","slug":"mesa-ratona-plegable-de-madera-color-roble-claro","status":"publish","type":"product","link":"https:\/\/mueblesypublicidad.ar\/shop\/product\/mesa-ratona-plegable-de-madera-color-roble-claro\/","title":{"rendered":"Mesa Ratona Plegable de Madera Color Roble Claro"},"content":{"rendered":"<p>MESA RATONA PLEGABLE DE EXTERIOR CONFECCIONADA EN MADERA MACIZA SIN NUDOS. APTO INTERIOR Y EXTERIOR TECHADO.<\/p>\n<p>TERMINACI\u00d3N EN ROBLE CLARO Y ROBLE OSCURO.<\/p>\n<p>Elaborada con Madera Maciza de alta resistencia y la exposici\u00f3n solar especial para eventos, bares, comercios, Spa, hogar y jardines.<\/p>\n<p>Material: Madera maciza.<br \/>\nDimensiones Aproximadas: 60 x 40 cm.<br \/>\nPeso: 4.2 Kg.<br \/>\nProtecci\u00f3n: con protecci\u00f3n impregnante y tratamiento fungicida.<br \/>\nTonalidad: Roble Oscuro y Roble Claro<br \/>\nRemaches: Ensamblada con remaches zincados con tratamiento antioxidante.<\/p>\n<p>Garant\u00eda: 6 meses (cubre defectos de fabricaci\u00f3n)<br \/>\nNO cubre el traslado de la mercader\u00eda as\u00ed como tampoco el mal uso o el desgaste l\u00f3gico.<br \/>\nLa reposici\u00f3n o reparaci\u00f3n se realiza en el local.<\/p>\n","protected":false},"excerpt":{"rendered":"<p>Mesa ratona, confeccionada en madera dura, con tres manos de cetol terminaci\u00f3n roble claro\/natural. Plegable, apilable y reforzada.<\/p>\n","protected":false},"featured_media":12560,"comment_status":"open","ping_status":"closed","template":"redux-templates_full_width","meta":{"_seopress_robots_primary_cat":"","_seopress_titles_title":"","_seopress_titles_desc":"","_seopress_robots_index":""},"product_cat":[89,282,157,152],"product_tag":[205,310,232,286,313,311,314,142,312],"class_list":{"0":"post-12559","1":"product","2":"type-product","3":"status-publish","4":"has-post-thumbnail","6":"product_cat-linea_madera","7":"product_cat-mesas","8":"product_cat-mesas-de-madera","9":"product_cat-muebles-de-exterior","10":"product_tag-abaco","11":"product_tag-mesa-ratona","12":"product_tag-muebles-con-estampado","13":"product_tag-muebles-de-jardin","14":"product_tag-muebles-para-bares","15":"product_tag-muebles-para-blacon","16":"product_tag-muebles-para-cervecerias","17":"product_tag-muebles-publicitarios","18":"product_tag-muebles-terraza","20":"first","21":"instock","22":"shipping-taxable","23":"purchasable","24":"product-type-simple"},"jetpack_sharing_enabled":true,"_links":{"self":[{"href":"https:\/\/mueblesypublicidad.ar\/shop\/wp-json\/wp\/v2\/product\/12559","targetHints":{"allow":["GET"]}}],"collection":[{"href":"https:\/\/mueblesypublicidad.ar\/shop\/wp-json\/wp\/v2\/product"}],"about":[{"href":"https:\/\/mueblesypublicidad.ar\/shop\/wp-json\/wp\/v2\/types\/product"}],"replies":[{"embeddable":true,"href":"https:\/\/mueblesypublicidad.ar\/shop\/wp-json\/wp\/v2\/comments?post=12559"}],"wp:featuredmedia":[{"embeddable":true,"href":"https:\/\/mueblesypublicidad.ar\/shop\/wp-json\/wp\/v2\/media\/12560"}],"wp:attachment":[{"href":"https:\/\/mueblesypublicidad.ar\/shop\/wp-json\/wp\/v2\/media?parent=12559"}],"wp:term":[{"taxonomy":"product_cat","embeddable":true,"href":"https:\/\/mueblesypublicidad.ar\/shop\/wp-json\/wp\/v2\/product_cat?post=12559"},{"taxonomy":"product_tag","embeddable":true,"href":"https:\/\/mueblesypublicidad.ar\/shop\/wp-json\/wp\/v2\/product_tag?post=12559"}],"curies":[{"name":"wp","href":"https:\/\/api.w.org\/{rel}","templated":true}]}}