{"id":12574,"date":"2022-05-07T16:45:33","date_gmt":"2022-05-07T16:45:33","guid":{"rendered":"https:\/\/mueblesypublicidad.ar\/shop\/?post_type=product&#038;p=12574"},"modified":"2024-02-19T18:42:26","modified_gmt":"2024-02-19T18:42:26","slug":"mesa-plegable-cuadrada-de-madera-laqueada-70-x-70cm","status":"publish","type":"product","link":"https:\/\/mueblesypublicidad.ar\/shop\/product\/mesa-plegable-cuadrada-de-madera-laqueada-70-x-70cm\/","title":{"rendered":"Mesa Plegable Cuadrada De Madera Laqueada 70 x 70cm"},"content":{"rendered":"<p>MESA DE MADERA PREMIUM GUATAMBU PLEGABLE MEDIANA &#8211; APTA PARA EXTERIORES<\/p>\n<p>Elaborada con Madera de Guatambu de alta resistencia y durabilidad al agua y la exposici\u00f3n solar especial para eventos, bares, comercios, Spa, hogar y jardines.<\/p>\n<p>Material: Madera<br \/>\nTipo: Guatambu<br \/>\nDimensiones Aproximadas: 70 x 70 cm<br \/>\nPeso: 6 Kg<br \/>\nProtecci\u00f3n: Doble capa de Cetol, doble capa de Barniz marino y tratamiento fungicida<br \/>\nTonalidad: Roble Oscuro<br \/>\nRemaches: Ensamblada con remaches cincados con tratamiento antioxidante<\/p>\n<p>NO INCLUYE ESTAMPADO DE LOGOTIPO<\/p>\n<p>IMPORTANTE: EL DISE\u00d1O DE LAS TABLAS DE LA TAPA PUEDE VARIAR DEPENDIENDO STOCK.<\/p>\n<p>Garant\u00eda: 6 meses (cubre defectos de fabricaci\u00f3n)<br \/>\nNO cubre el traslado de la mercader\u00eda as\u00ed como tampoco el mal uso o el desgaste l\u00f3gico.<br \/>\nLa reposici\u00f3n o reparaci\u00f3n se realiza en el local.<\/p>\n","protected":false},"excerpt":{"rendered":"<p>Mesa Cuadrada de Madera de Guatambu de 70 cm x 70 cm de alta resistencia y durabilidad al agua y la exposici\u00f3n solar especial para eventos, bares, comercios, Spa, hogar y jardines.<\/p>\n","protected":false},"featured_media":12575,"comment_status":"open","ping_status":"closed","template":"","meta":{"_seopress_robots_primary_cat":"","_seopress_titles_title":"","_seopress_titles_desc":"","_seopress_robots_index":""},"product_cat":[89,282,157,152],"product_tag":[205,247,264,283,335,336,337,338],"class_list":{"0":"post-12574","1":"product","2":"type-product","3":"status-publish","4":"has-post-thumbnail","6":"product_cat-linea_madera","7":"product_cat-mesas","8":"product_cat-mesas-de-madera","9":"product_cat-muebles-de-exterior","10":"product_tag-abaco","11":"product_tag-juegos-de-exterior","12":"product_tag-juegos-de-jardin","13":"product_tag-mesa-de-exterior","14":"product_tag-mesa-de-madera","15":"product_tag-mesa-para-bar","16":"product_tag-mesa-para-cerveceria","17":"product_tag-mesa-publicitaria","19":"first","20":"instock","21":"shipping-taxable","22":"purchasable","23":"product-type-simple"},"jetpack_sharing_enabled":true,"_links":{"self":[{"href":"https:\/\/mueblesypublicidad.ar\/shop\/wp-json\/wp\/v2\/product\/12574","targetHints":{"allow":["GET"]}}],"collection":[{"href":"https:\/\/mueblesypublicidad.ar\/shop\/wp-json\/wp\/v2\/product"}],"about":[{"href":"https:\/\/mueblesypublicidad.ar\/shop\/wp-json\/wp\/v2\/types\/product"}],"replies":[{"embeddable":true,"href":"https:\/\/mueblesypublicidad.ar\/shop\/wp-json\/wp\/v2\/comments?post=12574"}],"wp:featuredmedia":[{"embeddable":true,"href":"https:\/\/mueblesypublicidad.ar\/shop\/wp-json\/wp\/v2\/media\/12575"}],"wp:attachment":[{"href":"https:\/\/mueblesypublicidad.ar\/shop\/wp-json\/wp\/v2\/media?parent=12574"}],"wp:term":[{"taxonomy":"product_cat","embeddable":true,"href":"https:\/\/mueblesypublicidad.ar\/shop\/wp-json\/wp\/v2\/product_cat?post=12574"},{"taxonomy":"product_tag","embeddable":true,"href":"https:\/\/mueblesypublicidad.ar\/shop\/wp-json\/wp\/v2\/product_tag?post=12574"}],"curies":[{"name":"wp","href":"https:\/\/api.w.org\/{rel}","templated":true}]}}