{"id":12632,"date":"2022-04-02T13:41:44","date_gmt":"2022-04-02T13:41:44","guid":{"rendered":"https:\/\/mueblesypublicidad.ar\/shop\/?post_type=product&#038;p=12632"},"modified":"2024-03-11T14:44:08","modified_gmt":"2024-03-11T14:44:08","slug":"base-pie-de-sombrilla-cubierta-de-pvc-marron-de-29-kg","status":"publish","type":"product","link":"https:\/\/mueblesypublicidad.ar\/shop\/product\/base-pie-de-sombrilla-cubierta-de-pvc-marron-de-29-kg\/","title":{"rendered":"Base Pi\u00e9 De Sombrilla Cubierta de PVC Marr\u00f3n De 29 Kg."},"content":{"rendered":"<p>Base ideal para sombrillas MUY grandes, aptas para exterior y uso continuo<\/p>\n<p>Especificaciones:<\/p>\n<p>&#8211; Material: PVC Reforzado color Marr\u00f3n.<br \/>\n&#8211; Relleno: Hormig\u00f3n<br \/>\n&#8211; Peso: 29 kg<br \/>\n&#8211; Di\u00e1metro de la base: 40 cm<br \/>\n&#8211; Mariposa ajustable: Si<br \/>\n&#8211; Manijas: SI<\/p>\n<p>El di\u00e1metro m\u00e1ximo que el m\u00e1stil de su sombrilla deber\u00eda tener para poder ser utilizado en este modelo de base es de 4.9 cent\u00edmetros.<\/p>\n<p>Garant\u00eda: 15 d\u00edas (cubre defectos de fabricaci\u00f3n)<br \/>\nNO cubre el traslado de la mercader\u00eda as\u00ed como tampoco el mal uso o el desgaste l\u00f3gico.<br \/>\nLa reposici\u00f3n o reparaci\u00f3n se realiza en el local.<\/p>\n","protected":false},"excerpt":{"rendered":"<p>Base de\/para sombrilla GRANDE pesada de 29 kilos cubierta de PVC reforzado color Marr\u00f3n., en forma exagonal, diamante.<\/p>\n","protected":false},"featured_media":12633,"comment_status":"open","ping_status":"closed","template":"","meta":{"_seopress_robots_primary_cat":"none","_seopress_titles_title":"","_seopress_titles_desc":"","_seopress_robots_index":""},"product_cat":[162,302,161,154,89,152,163,156],"product_tag":[205,342,315,216,286,349,348,347,350,346,345,351,254,308,309],"class_list":{"0":"post-12632","1":"product","2":"type-product","3":"status-publish","4":"has-post-thumbnail","6":"product_cat-bases-para-sombrillas-linea-cano","7":"product_cat-bases-para-sombrillas-2","8":"product_cat-bases-para-sombrillas","9":"product_cat-linea-cano","10":"product_cat-linea_madera","11":"product_cat-muebles-de-exterior","12":"product_cat-sombrillas-de-cano","13":"product_cat-sombrillas-de-madera","14":"product_tag-abaco","15":"product_tag-base","16":"product_tag-base-para-sombrilla","17":"product_tag-muebles-de-exterior","18":"product_tag-muebles-de-jardin","19":"product_tag-parasol-gigante","20":"product_tag-pasarol-grande","21":"product_tag-sombrillas-enormes","22":"product_tag-sombrillas-estamapdas","23":"product_tag-sombrillas-grandes","24":"product_tag-sombrillas-para-bares","25":"product_tag-sombrillas-promocionales","26":"product_tag-sombrillas-publicitarias","27":"product_tag-soporte","28":"product_tag-soporte-para-sombrilla","30":"first","31":"instock","32":"shipping-taxable","33":"purchasable","34":"product-type-simple"},"jetpack_sharing_enabled":true,"_links":{"self":[{"href":"https:\/\/mueblesypublicidad.ar\/shop\/wp-json\/wp\/v2\/product\/12632","targetHints":{"allow":["GET"]}}],"collection":[{"href":"https:\/\/mueblesypublicidad.ar\/shop\/wp-json\/wp\/v2\/product"}],"about":[{"href":"https:\/\/mueblesypublicidad.ar\/shop\/wp-json\/wp\/v2\/types\/product"}],"replies":[{"embeddable":true,"href":"https:\/\/mueblesypublicidad.ar\/shop\/wp-json\/wp\/v2\/comments?post=12632"}],"wp:featuredmedia":[{"embeddable":true,"href":"https:\/\/mueblesypublicidad.ar\/shop\/wp-json\/wp\/v2\/media\/12633"}],"wp:attachment":[{"href":"https:\/\/mueblesypublicidad.ar\/shop\/wp-json\/wp\/v2\/media?parent=12632"}],"wp:term":[{"taxonomy":"product_cat","embeddable":true,"href":"https:\/\/mueblesypublicidad.ar\/shop\/wp-json\/wp\/v2\/product_cat?post=12632"},{"taxonomy":"product_tag","embeddable":true,"href":"https:\/\/mueblesypublicidad.ar\/shop\/wp-json\/wp\/v2\/product_tag?post=12632"}],"curies":[{"name":"wp","href":"https:\/\/api.w.org\/{rel}","templated":true}]}}