{"id":12642,"date":"2022-05-10T14:30:08","date_gmt":"2022-05-10T14:30:08","guid":{"rendered":"https:\/\/mueblesypublicidad.ar\/shop\/?post_type=product&#038;p=12642"},"modified":"2024-02-15T15:20:54","modified_gmt":"2024-02-15T15:20:54","slug":"mesa-de-maderacuadrada-plegable-laqueada-de-80-x-80-cm","status":"publish","type":"product","link":"https:\/\/mueblesypublicidad.ar\/shop\/product\/mesa-de-maderacuadrada-plegable-laqueada-de-80-x-80-cm\/","title":{"rendered":"Mesa De Madera Cuadrada Plegable Laqueada de 80 x 80 Cm"},"content":{"rendered":"<p>MESA DE MADERA PREMIUM GUATAMBU PLEGABLE MEDIANA &#8211; APTA PARA EXTERIORES<\/p>\n<p>Elaborada con Madera de Guatamb\u00fa de alta resistencia y durabilidad al agua y la exposici\u00f3n solar especial para eventos, bares, comercios, Spa, hogar y jardines.<\/p>\n<p>Material: Madera<br \/>\nTipo: Guatamb\u00fa<br \/>\nDimensiones Aproximadas: 80 x 80 cm<br \/>\nPeso: 7 Kg<br \/>\nProtecci\u00f3n: Doble capa de Cetol, doble capa de Barniz marino y tratamiento fungicida<br \/>\nTonalidad: Roble Oscuro<br \/>\nRemaches: Ensamblada con remaches cincados con tratamiento antioxidante<\/p>\n<p>NO INCLUYE ESTAMPADO DE LOGOTIPO<\/p>\n<p>IMPORTANTE: EL DISE\u00d1O DE LAS TABLAS DE LA TAPA PUEDE VARIAR DEPENDIENDO STOCK.<\/p>\n<p>Garant\u00eda: 6 meses (cubre defectos de fabricaci\u00f3n)<br \/>\nNO cubre el traslado de la mercader\u00eda as\u00ed como tampoco el mal uso o el desgaste l\u00f3gico.<br \/>\nLa reposici\u00f3n o reparaci\u00f3n se realiza en el local.<\/p>\n","protected":false},"excerpt":{"rendered":"<p>Mesa Cuadrada de Madera de Guatamb\u00fa de 80 cm x 80 cm de alta resistencia y durabilidad al agua y la exposici\u00f3n solar especial para eventos, bares, comercios, Spa, hogar y jardines.<\/p>\n","protected":false},"featured_media":12643,"comment_status":"open","ping_status":"closed","template":"","meta":{"_seopress_robots_primary_cat":"","_seopress_titles_title":"","_seopress_titles_desc":"","_seopress_robots_index":""},"product_cat":[89,282,157,152],"product_tag":[205,383,374,377,375,292,382,290,373,380,381,378,379,372,376,385,384,142],"class_list":{"0":"post-12642","1":"product","2":"type-product","3":"status-publish","4":"has-post-thumbnail","6":"product_cat-linea_madera","7":"product_cat-mesas","8":"product_cat-mesas-de-madera","9":"product_cat-muebles-de-exterior","10":"product_tag-abaco","11":"product_tag-mebles-de-exterior","12":"product_tag-mesas-de-exterior","13":"product_tag-mesas-de-madera","14":"product_tag-mesas-para-bares","15":"product_tag-mesas-para-cervecerias","16":"product_tag-mesas-para-eventos","17":"product_tag-mesas-para-heladerias","18":"product_tag-mesas-para-jardin","19":"product_tag-mesas-para-publicidad","20":"product_tag-mesas-para-restaurantes","21":"product_tag-mesas-plegables-de-madera","22":"product_tag-mesas-plegables-y-apilables","23":"product_tag-mesas-publicidad","24":"product_tag-mesas-publicitarias","25":"product_tag-muebles-para-eventos","26":"product_tag-muebles-promocionales","27":"product_tag-muebles-publicitarios","29":"first","30":"instock","31":"shipping-taxable","32":"purchasable","33":"product-type-simple"},"jetpack_sharing_enabled":true,"_links":{"self":[{"href":"https:\/\/mueblesypublicidad.ar\/shop\/wp-json\/wp\/v2\/product\/12642","targetHints":{"allow":["GET"]}}],"collection":[{"href":"https:\/\/mueblesypublicidad.ar\/shop\/wp-json\/wp\/v2\/product"}],"about":[{"href":"https:\/\/mueblesypublicidad.ar\/shop\/wp-json\/wp\/v2\/types\/product"}],"replies":[{"embeddable":true,"href":"https:\/\/mueblesypublicidad.ar\/shop\/wp-json\/wp\/v2\/comments?post=12642"}],"wp:featuredmedia":[{"embeddable":true,"href":"https:\/\/mueblesypublicidad.ar\/shop\/wp-json\/wp\/v2\/media\/12643"}],"wp:attachment":[{"href":"https:\/\/mueblesypublicidad.ar\/shop\/wp-json\/wp\/v2\/media?parent=12642"}],"wp:term":[{"taxonomy":"product_cat","embeddable":true,"href":"https:\/\/mueblesypublicidad.ar\/shop\/wp-json\/wp\/v2\/product_cat?post=12642"},{"taxonomy":"product_tag","embeddable":true,"href":"https:\/\/mueblesypublicidad.ar\/shop\/wp-json\/wp\/v2\/product_tag?post=12642"}],"curies":[{"name":"wp","href":"https:\/\/api.w.org\/{rel}","templated":true}]}}