{"id":12701,"date":"2022-05-11T17:34:33","date_gmt":"2022-05-11T17:34:33","guid":{"rendered":"https:\/\/mueblesypublicidad.ar\/shop\/?post_type=product&#038;p=12701"},"modified":"2023-02-24T18:01:54","modified_gmt":"2023-02-24T18:01:54","slug":"colchon-princess","status":"publish","type":"product","link":"https:\/\/mueblesypublicidad.ar\/shop\/product\/colchon-princess\/","title":{"rendered":"Colch\u00f3n Princess"},"content":{"rendered":"<p>Colch\u00f3n de espuma de alta densidad que representa la mejor ecuaci\u00f3n entre calidad y confort. El colch\u00f3n Cannon Princess 23 es una opci\u00f3n inteligente si busc\u00e1s un colch\u00f3n cl\u00e1sico que te sirva para un peso de hasta 80 kg por plaza. Con una sensaci\u00f3n firme en el apoyo te garantiza un pl\u00e1cido descanso.<\/p>\n<p>El Princess 23 tiene un sistema Flip que permite rotarlo y usarlo de ambos lados, maximizando as\u00ed su durabilidad y confort. Con tela de Jackard totalmente matelaseada. Los colchones Cannon utilizan componentes que no contaminan ni da\u00f1an la capa de ozono.<\/p>\n<table style=\"width: 96.48%; height: 808px;\">\n<tbody>\n<tr>\n<td style=\"width: 24.7573%;\">L\u00ednea<\/td>\n<td style=\"width: 47.2572%;\">Espuma<\/td>\n<\/tr>\n<tr>\n<td style=\"width: 24.7573%;\">Modelo<\/td>\n<td style=\"width: 47.2572%;\">Princess 23<\/td>\n<\/tr>\n<tr>\n<td style=\"width: 24.7573%;\">Material<\/td>\n<td style=\"width: 47.2572%;\">Espuma<\/td>\n<\/tr>\n<tr>\n<td style=\"width: 24.7573%;\">Tipo de Material<\/td>\n<td style=\"width: 47.2572%;\">Espuma de poliuretano flexible de 24kg\/m\u00b3<\/td>\n<\/tr>\n<tr>\n<td style=\"width: 24.7573%;\">Base sommier<\/td>\n<td style=\"width: 47.2572%;\">No<\/td>\n<\/tr>\n<tr>\n<td style=\"width: 24.7573%;\">Tipo de base<\/td>\n<td style=\"width: 47.2572%;\">N\/A<\/td>\n<\/tr>\n<tr>\n<td style=\"width: 24.7573%;\">Nivel de Soporte\/Resistencia<\/td>\n<td style=\"width: 47.2572%;\">MEDIO<\/td>\n<\/tr>\n<tr>\n<td style=\"width: 24.7573%;\">Peso m\u00e1ximo por plaza<\/td>\n<td style=\"width: 47.2572%;\">80kg<\/td>\n<\/tr>\n<tr>\n<td style=\"width: 24.7573%;\">Altura del colch\u00f3n<\/td>\n<td style=\"width: 47.2572%;\">23cm<\/td>\n<\/tr>\n<tr>\n<td style=\"width: 24.7573%;\">Sensaci\u00f3n<\/td>\n<td style=\"width: 47.2572%;\">Firme<\/td>\n<\/tr>\n<tr>\n<td style=\"width: 24.7573%;\">Tela<\/td>\n<td style=\"width: 47.2572%;\">Jackard matelaseada<\/td>\n<\/tr>\n<tr>\n<td style=\"width: 24.7573%;\">Funda<\/td>\n<td style=\"width: 47.2572%;\">N\/A<\/td>\n<\/tr>\n<tr>\n<td style=\"width: 24.7573%;\">Flip\/Non Flip<\/td>\n<td style=\"width: 47.2572%;\">Flip. Sistema de maximizaci\u00f3n de la vida \u00fatil que permite utilizar el colch\u00f3n de ambos lados.<\/td>\n<\/tr>\n<tr>\n<td style=\"width: 24.7573%;\">Pillow Top<\/td>\n<td style=\"width: 47.2572%;\">No<\/td>\n<\/tr>\n<tr>\n<td style=\"width: 24.7573%;\">Tipo de Pillow<\/td>\n<td style=\"width: 47.2572%;\">N\/A<\/td>\n<\/tr>\n<tr>\n<td style=\"width: 24.7573%;\">Tratamiento Anti \u00c1caros<\/td>\n<td style=\"width: 47.2572%;\">S\u00ed<\/td>\n<\/tr>\n<tr>\n<td style=\"width: 24.7573%;\">Tratamiento ign\u00edfugo<\/td>\n<td style=\"width: 47.2572%;\">S\u00ed<\/td>\n<\/tr>\n<tr>\n<td style=\"width: 24.7573%;\">CFC FREE<\/td>\n<td style=\"width: 47.2572%;\">S\u00ed<\/td>\n<\/tr>\n<tr>\n<td style=\"width: 24.7573%;\">Agarraderas<\/td>\n<td style=\"width: 47.2572%;\">No<\/td>\n<\/tr>\n<tr>\n<td style=\"width: 24.7573%;\">Origen<\/td>\n<td style=\"width: 47.2572%;\">Argentina<\/td>\n<\/tr>\n<\/tbody>\n<\/table>\n","protected":false},"excerpt":{"rendered":"<p>Colch\u00f3n de espuma de alta densidad, muy c\u00f3modo para descansar todos los d\u00edas, y con la mejor ecuaci\u00f3n entre calidad y confort.<\/p>\n","protected":false},"featured_media":12702,"comment_status":"open","ping_status":"closed","template":"","meta":{"_seopress_robots_primary_cat":"","_seopress_titles_title":"","_seopress_titles_desc":"","_seopress_robots_index":""},"product_cat":[296,294],"product_tag":[],"class_list":{"0":"post-12701","1":"product","2":"type-product","3":"status-publish","4":"has-post-thumbnail","6":"product_cat-discontinuos","7":"product_cat-novedades","9":"first","10":"outofstock","11":"shipping-taxable","12":"product-type-variable"},"jetpack_sharing_enabled":true,"_links":{"self":[{"href":"https:\/\/mueblesypublicidad.ar\/shop\/wp-json\/wp\/v2\/product\/12701","targetHints":{"allow":["GET"]}}],"collection":[{"href":"https:\/\/mueblesypublicidad.ar\/shop\/wp-json\/wp\/v2\/product"}],"about":[{"href":"https:\/\/mueblesypublicidad.ar\/shop\/wp-json\/wp\/v2\/types\/product"}],"replies":[{"embeddable":true,"href":"https:\/\/mueblesypublicidad.ar\/shop\/wp-json\/wp\/v2\/comments?post=12701"}],"wp:featuredmedia":[{"embeddable":true,"href":"https:\/\/mueblesypublicidad.ar\/shop\/wp-json\/wp\/v2\/media\/12702"}],"wp:attachment":[{"href":"https:\/\/mueblesypublicidad.ar\/shop\/wp-json\/wp\/v2\/media?parent=12701"}],"wp:term":[{"taxonomy":"product_cat","embeddable":true,"href":"https:\/\/mueblesypublicidad.ar\/shop\/wp-json\/wp\/v2\/product_cat?post=12701"},{"taxonomy":"product_tag","embeddable":true,"href":"https:\/\/mueblesypublicidad.ar\/shop\/wp-json\/wp\/v2\/product_tag?post=12701"}],"curies":[{"name":"wp","href":"https:\/\/api.w.org\/{rel}","templated":true}]}}