{"id":13373,"date":"2022-06-29T15:33:05","date_gmt":"2022-06-29T15:33:05","guid":{"rendered":"https:\/\/mueblesypublicidad.ar\/shop\/?post_type=product&#038;p=13373"},"modified":"2024-02-15T15:22:49","modified_gmt":"2024-02-15T15:22:49","slug":"sombrilla-cuadrada-de-cano-negro-de-1-50-x-1-50-mts","status":"publish","type":"product","link":"https:\/\/mueblesypublicidad.ar\/shop\/product\/sombrilla-cuadrada-de-cano-negro-de-1-50-x-1-50-mts\/","title":{"rendered":"Sombrilla Cuadrada de Ca\u00f1o  Negro De 1.50 x 1.50 Mts"},"content":{"rendered":"<p>Sombrilla Cuadrada de 1,50 por 1,50 m. con 4 gajos., m\u00e1stil de ca\u00f1o de acero de Doble Grosor de dos piezas regulable en altura pintados con pintura epoxi de alta resistencia secada en horno, varillas sujeta lona de acero zincado doble grosor muy resistente, fabricadas con lona gruesa impermeable.<br \/>\nSon aptas para exterior y para uso continuo.<\/p>\n<p>COLORES DISPONIBLE DE ESTRUCTURA: BLANCO \/ GRIS \/ MARRON \/ NEGRO.<\/p>\n<p>COLORES DE LONA: Negro, blanco, rojo, azul francia, azul marino.<\/p>\n<p>Utilizamos lona gruesa impermeable lavable doble tramado anti desgarro, la misma lona que se<\/p>\n","protected":false},"excerpt":{"rendered":"<p>Sombrilla Cuadrada de 1,50 por 1,50 m. con 4 gajos., m\u00e1stil de ca\u00f1o de acero de Doble Grosor de dos piezas regulable<\/p>\n","protected":false},"featured_media":13375,"comment_status":"open","ping_status":"closed","template":"","meta":{"_seopress_robots_primary_cat":"","_seopress_titles_title":"","_seopress_titles_desc":"","_seopress_robots_index":""},"product_cat":[15,154,152,250,163],"product_tag":[],"class_list":{"0":"post-13373","1":"product","2":"type-product","3":"status-publish","4":"has-post-thumbnail","6":"product_cat-todos-los-productos","7":"product_cat-linea-cano","8":"product_cat-muebles-de-exterior","9":"product_cat-sombrillas","10":"product_cat-sombrillas-de-cano","12":"first","13":"instock","14":"shipping-taxable","15":"purchasable","16":"product-type-variable","17":"has-default-attributes"},"jetpack_sharing_enabled":true,"_links":{"self":[{"href":"https:\/\/mueblesypublicidad.ar\/shop\/wp-json\/wp\/v2\/product\/13373","targetHints":{"allow":["GET"]}}],"collection":[{"href":"https:\/\/mueblesypublicidad.ar\/shop\/wp-json\/wp\/v2\/product"}],"about":[{"href":"https:\/\/mueblesypublicidad.ar\/shop\/wp-json\/wp\/v2\/types\/product"}],"replies":[{"embeddable":true,"href":"https:\/\/mueblesypublicidad.ar\/shop\/wp-json\/wp\/v2\/comments?post=13373"}],"wp:featuredmedia":[{"embeddable":true,"href":"https:\/\/mueblesypublicidad.ar\/shop\/wp-json\/wp\/v2\/media\/13375"}],"wp:attachment":[{"href":"https:\/\/mueblesypublicidad.ar\/shop\/wp-json\/wp\/v2\/media?parent=13373"}],"wp:term":[{"taxonomy":"product_cat","embeddable":true,"href":"https:\/\/mueblesypublicidad.ar\/shop\/wp-json\/wp\/v2\/product_cat?post=13373"},{"taxonomy":"product_tag","embeddable":true,"href":"https:\/\/mueblesypublicidad.ar\/shop\/wp-json\/wp\/v2\/product_tag?post=13373"}],"curies":[{"name":"wp","href":"https:\/\/api.w.org\/{rel}","templated":true}]}}