{"id":13732,"date":"2022-07-02T16:00:48","date_gmt":"2022-07-02T16:00:48","guid":{"rendered":"https:\/\/mueblesypublicidad.ar\/shop\/?post_type=product&#038;p=13732"},"modified":"2024-03-16T14:15:00","modified_gmt":"2024-03-16T14:15:00","slug":"juego-de-cano-con-sombrilla-cuadrada-y-2-sillones","status":"publish","type":"product","link":"https:\/\/mueblesypublicidad.ar\/shop\/product\/juego-de-cano-con-sombrilla-cuadrada-y-2-sillones\/","title":{"rendered":"Juego de Ca\u00f1o con Sombrilla Cuadrada y 2 Sillones"},"content":{"rendered":"<p>MESA + SOMBRILLA + 2 SILL\u00d3N DE CA\u00d1O REDONDO + 1 BASE de 17 KG APROXIMADAMENTE CUBIERTA DE PVC.<\/p>\n<p>Incluye:<br \/>\n* 1 Mesa plegable de fibra de vidrio cuadrada o Redonda (1 Unidad).<br \/>\n* 2 Sill\u00f3n plegable de ca\u00f1o redondo reforzado (2 Unidades).<br \/>\n* 1 Sombrilla Cuadrada de Ca\u00f1o Reforzado de 1.5 x 1.5 cm\u00a0 (1 Unidad).<br \/>\n* 1 Base para sombrilla de PVC de aproximadamente 12 kilos.<\/p>\n<p>Opcional color de estrucutra: Blanco \/ Negro \/ Gris<\/p>\n<p>MESA:<\/p>\n<p>TAPA<br \/>\nMaterial: Son fabricadas en fibra de vidrio con una resina de alta resistencia (no es pl\u00e1stico).<br \/>\nForma: Cuadrada.<br \/>\nColores: Blanco, negro, rojo, verde, amarillo, naranja, azul Francia, azul marino, entre otros.<br \/>\nPintura: Epoxi de alta resistencia para exterior y uso continuo.<br \/>\nHerrajes: elaborado con antioxidante.<br \/>\nRemaches: Doble grosor y acero elaborado con antioxidante que brindan mayor resistencia a exteriores.<\/p>\n<p>ESTRUCTURA<br \/>\nMaterial: Ca\u00f1o reforzado.<br \/>\nTipo: Redondo<br \/>\nColores: Blanco, negro o gris metalizado.<br \/>\nPintura: Epoxi de alta resistencia secada en horno.<\/p>\n<p>DIMENSIONES APROXIMADAS<br \/>\n\u2022 Tapa cuadrada: 70&#215;70 cm \/ Alto: 75 cm \/ Peso: 2.5 Kg.<\/p>\n<p>\u2022 Tapa Redonda : 80 cm de di\u00e1metro \/ Alto: 75 cm \/ Peso: 2.5 Kg.<\/p>\n<p>SILL\u00d3N:<\/p>\n<p>LONA<br \/>\nMaterial: vin\u00edlica impermeable doble tramado anti desgarro.<br \/>\nColores: Blanco, negro, rojo, azul Francia, azul marino, entre otros.<\/p>\n<p>ESTRUCTURA<br \/>\nMaterial: Ca\u00f1o reforzado.<br \/>\nTipo: Redondo.<br \/>\nColores: Blanco, negro o gris metalizado.<br \/>\nPintura: Epoxi de alta resistencia para exterior y uso continuo.<br \/>\nHerrajes: elaborado con antioxidante.<br \/>\nRemaches: Doble grosor y acero elaborado con antioxidante que brindan mayor resistencia a exteriores.<\/p>\n<p>DIMENSIONES APROXIMADAS<br \/>\nAncho: 53 Cm. \/ Alto: 85 Cm. \/ Profundidad: 52 Cm. \/ Alto Asiento: 48 Cm. \/ Altura apoyabrazos: 62 Cm.<\/p>\n<p>SOMBRILLA<br \/>\nTipo: Cuadrada<br \/>\nDimensiones: 1.50 x 1.50 cm.<\/p>\n<p>M\u00c1STIL<br \/>\nMaterial: Ca\u00f1o reforzado cubierto con pintura epoxi.<br \/>\nTipo: De 2 tramos, separables.<\/p>\n<p>VARILLAS<br \/>\nMaterial: Ca\u00f1o reforzado cubierto con pintura epoxi.<\/p>\n<p>ROSETA<br \/>\nMaterial: Pl\u00e1stico inyectado, reforzado y resistente al uso continuo y prolongado.<br \/>\nM\u00e1stil de dos tramos, separables.<\/p>\n<p>LONA<br \/>\n&#8211; Colores: Blanco, Negro, Azul Marino, Azul Francia, Rojo, entre otros.<\/p>\n<p>BASE DE PVC REFORZADO DE APROXIMADAMENTE 12 KILOS.<\/p>\n<p>*****ESTE KIT NO INCLUYE ESTAMPADO DE LOGOTIPO***** (Consultar Costos).<\/p>\n","protected":false},"excerpt":{"rendered":"<p>Incluye:<br \/>\n* 1 Mesa plegable de fibra de vidrio cuadrada o Redonda (1 Unidad).<br \/>\n* 2 Sill\u00f3n plegable de ca\u00f1o redondo reforzado (2 Unidades).<br \/>\n* 1 Sombrilla Cuadrada de Ca\u00f1o Reforzado de 1.5 x 1.5 cm\u00a0 (1 Unidad).<br \/>\n* 1 Base para sombrilla de PVC de aproximadamente 12 kilos.<\/p>\n","protected":false},"featured_media":13734,"comment_status":"open","ping_status":"closed","template":"","meta":{"_seopress_robots_primary_cat":"","_seopress_titles_title":"","_seopress_titles_desc":"","_seopress_robots_index":""},"product_cat":[15,235,154,152],"product_tag":[],"class_list":{"0":"post-13732","1":"product","2":"type-product","3":"status-publish","4":"has-post-thumbnail","6":"product_cat-todos-los-productos","7":"product_cat-juegos","8":"product_cat-linea-cano","9":"product_cat-muebles-de-exterior","11":"first","12":"instock","13":"shipping-taxable","14":"purchasable","15":"product-type-simple"},"jetpack_sharing_enabled":true,"_links":{"self":[{"href":"https:\/\/mueblesypublicidad.ar\/shop\/wp-json\/wp\/v2\/product\/13732","targetHints":{"allow":["GET"]}}],"collection":[{"href":"https:\/\/mueblesypublicidad.ar\/shop\/wp-json\/wp\/v2\/product"}],"about":[{"href":"https:\/\/mueblesypublicidad.ar\/shop\/wp-json\/wp\/v2\/types\/product"}],"replies":[{"embeddable":true,"href":"https:\/\/mueblesypublicidad.ar\/shop\/wp-json\/wp\/v2\/comments?post=13732"}],"wp:featuredmedia":[{"embeddable":true,"href":"https:\/\/mueblesypublicidad.ar\/shop\/wp-json\/wp\/v2\/media\/13734"}],"wp:attachment":[{"href":"https:\/\/mueblesypublicidad.ar\/shop\/wp-json\/wp\/v2\/media?parent=13732"}],"wp:term":[{"taxonomy":"product_cat","embeddable":true,"href":"https:\/\/mueblesypublicidad.ar\/shop\/wp-json\/wp\/v2\/product_cat?post=13732"},{"taxonomy":"product_tag","embeddable":true,"href":"https:\/\/mueblesypublicidad.ar\/shop\/wp-json\/wp\/v2\/product_tag?post=13732"}],"curies":[{"name":"wp","href":"https:\/\/api.w.org\/{rel}","templated":true}]}}