{"id":14042,"date":"2023-09-08T16:04:36","date_gmt":"2023-09-08T16:04:36","guid":{"rendered":"https:\/\/mueblesypublicidad.ar\/shop\/?post_type=product&#038;p=14042"},"modified":"2023-11-17T19:21:42","modified_gmt":"2023-11-17T19:21:42","slug":"banqueta-francis-plegable","status":"publish","type":"product","link":"https:\/\/mueblesypublicidad.ar\/shop\/product\/banqueta-francis-plegable\/","title":{"rendered":"Banqueta Pl\u00e1stica FRANCIS plegable"},"content":{"rendered":"<p>Banqueta plegable Pl\u00e1stica FRANCIS Apilable<\/p>\n<p>\u2022 Soporta hasta 120 kg.<br \/>\n\u2022 Plegable y f\u00e1cil de guardar.<br \/>\n\u2022 Cuanta con agarres que la hacen f\u00e1cil de transportar.<\/p>\n<p>Dimensiones:<br \/>\nLargo: 30 cm<br \/>\nAncho: 36 cm<br \/>\nAlto: 35 cm<br \/>\nPeso: 300 gr<\/p>\n<p>Medidas del banco plegado:<br \/>\nLargo: 46 cm<br \/>\nAncho: 29 cm<br \/>\nEspesor: 3.5 cm<\/p>\n","protected":false},"excerpt":{"rendered":"<p>Soporta hasta 120 kg. Plegable y f\u00e1cil de guardar. Cuanta con agarres que la hacen f\u00e1cil de transportar.<\/p>\n","protected":false},"featured_media":14044,"comment_status":"open","ping_status":"closed","template":"","meta":{"_seopress_robots_primary_cat":"none","_seopress_titles_title":"%%post_title%%","_seopress_titles_desc":"Soporta hasta 120 kg. Plegable y f\u00e1cil de guardar.\r\nCuanta con agarres que la hacen f\u00e1cil de transportar. Venta por mayor y menor. Env\u00edos a todo el Pa\u00eds.","_seopress_robots_index":""},"product_cat":[15,155,152,294,326,167],"product_tag":[],"class_list":{"0":"post-14042","1":"product","2":"type-product","3":"status-publish","4":"has-post-thumbnail","6":"product_cat-todos-los-productos","7":"product_cat-linea-plastico","8":"product_cat-muebles-de-exterior","9":"product_cat-novedades","10":"product_cat-sillas-muebles-de-exterior","11":"product_cat-sillas-de-plastico","13":"first","14":"instock","15":"shipping-taxable","16":"product-type-variable"},"jetpack_sharing_enabled":true,"_links":{"self":[{"href":"https:\/\/mueblesypublicidad.ar\/shop\/wp-json\/wp\/v2\/product\/14042","targetHints":{"allow":["GET"]}}],"collection":[{"href":"https:\/\/mueblesypublicidad.ar\/shop\/wp-json\/wp\/v2\/product"}],"about":[{"href":"https:\/\/mueblesypublicidad.ar\/shop\/wp-json\/wp\/v2\/types\/product"}],"replies":[{"embeddable":true,"href":"https:\/\/mueblesypublicidad.ar\/shop\/wp-json\/wp\/v2\/comments?post=14042"}],"wp:featuredmedia":[{"embeddable":true,"href":"https:\/\/mueblesypublicidad.ar\/shop\/wp-json\/wp\/v2\/media\/14044"}],"wp:attachment":[{"href":"https:\/\/mueblesypublicidad.ar\/shop\/wp-json\/wp\/v2\/media?parent=14042"}],"wp:term":[{"taxonomy":"product_cat","embeddable":true,"href":"https:\/\/mueblesypublicidad.ar\/shop\/wp-json\/wp\/v2\/product_cat?post=14042"},{"taxonomy":"product_tag","embeddable":true,"href":"https:\/\/mueblesypublicidad.ar\/shop\/wp-json\/wp\/v2\/product_tag?post=14042"}],"curies":[{"name":"wp","href":"https:\/\/api.w.org\/{rel}","templated":true}]}}